{"id":106,"date":"2021-02-28T08:33:33","date_gmt":"2021-02-28T08:33:33","guid":{"rendered":"http:\/\/studio.aureagarden.pl\/index.php\/about\/"},"modified":"2025-05-18T08:15:29","modified_gmt":"2025-05-18T08:15:29","slug":"o-nas","status":"publish","type":"page","link":"https:\/\/studio.aureagarden.pl\/index.php\/o-nas\/","title":{"rendered":"O nas"},"content":{"rendered":"\t\t<div data-elementor-type=\"wp-page\" data-elementor-id=\"106\" class=\"elementor elementor-106\" data-elementor-post-type=\"page\">\n\t\t\t\t<div class=\"aux-parallax-section elementor-element elementor-element-ad625d8 e-flex e-con-boxed e-con e-parent\" data-id=\"ad625d8\" data-element_type=\"container\">\n\t\t\t\t\t<div class=\"e-con-inner\">\n\t\t<div class=\"elementor-element elementor-element-abacce7 e-con-full e-flex e-con e-child\" data-id=\"abacce7\" data-element_type=\"container\">\n\t\t\t\t<div class=\"elementor-element elementor-element-7685e4e elementor-widget__width-auto elementor-widget-tablet__width-inherit elementor-widget-mobile__width-inherit aux-appear-watch-animation aux-slide-from-bot elementor-widget elementor-widget-aux_modern_heading\" data-id=\"7685e4e\" data-element_type=\"widget\" data-widget_type=\"aux_modern_heading.default\">\n\t\t\t\t<div class=\"elementor-widget-container\">\n\t\t\t\t\t<section class=\"aux-widget-modern-heading\">\n            <div class=\"aux-widget-inner\"><h1 class=\"aux-modern-heading-primary\">Od idei do formy \u2013 wyb\u00f3r, kt\u00f3ry ma znaczenie.<\/h1><\/div>\n        <\/section>\t\t\t\t<\/div>\n\t\t\t\t<\/div>\n\t\t\t\t<div class=\"elementor-element elementor-element-a67fccf elementor-widget__width-auto elementor-widget-tablet__width-initial elementor-widget-mobile__width-inherit aux-appear-watch-animation aux-fade-in-right-1 elementor-widget elementor-widget-aux_modern_heading\" data-id=\"a67fccf\" data-element_type=\"widget\" data-widget_type=\"aux_modern_heading.default\">\n\t\t\t\t<div class=\"elementor-widget-container\">\n\t\t\t\t\t<section class=\"aux-widget-modern-heading\">\n            <div class=\"aux-widget-inner\"><h2 class=\"aux-modern-heading-primary\">Nasze produkty<\/h2><div class=\"aux-modern-heading-description\"><p><strong data-start=\"98\" data-end=\"232\">Nasze donice i ro\u015bliny to co\u015b wi\u0119cej ni\u017c dekoracja \u2013 to spos\u00f3b na wyra\u017cenie stylu i stworzenie przestrzeni, w kt\u00f3rej chce si\u0119 by\u0107.<\/strong><br data-start=\"232\" data-end=\"235\" \/>Wybieramy egzotyczn\u0105 ziele\u0144 i unikatowe formy, kt\u00f3re nadaj\u0105 wn\u0119trzom i ogrodom charakteru, harmonii i spokoju.<br data-start=\"345\" data-end=\"348\" data-is-only-node=\"\" \/>To produkty dla tych, kt\u00f3rzy ceni\u0105 estetyk\u0119, natur\u0119 i \u015bwiadome wybory.<\/p><\/div><\/div>\n        <\/section>\t\t\t\t<\/div>\n\t\t\t\t<\/div>\n\t\t\t\t<div class=\"elementor-element elementor-element-35c015c elementor-widget__width-auto elementor-widget-tablet__width-initial elementor-widget-mobile__width-inherit aux-appear-watch-animation aux-fade-in-right-1 elementor-widget elementor-widget-aux_modern_heading\" data-id=\"35c015c\" data-element_type=\"widget\" data-widget_type=\"aux_modern_heading.default\">\n\t\t\t\t<div class=\"elementor-widget-container\">\n\t\t\t\t\t<section class=\"aux-widget-modern-heading\">\n            <div class=\"aux-widget-inner\"><h2 class=\"aux-modern-heading-primary\">Nasi Klienci<\/h2><div class=\"aux-modern-heading-description\"><p><strong data-start=\"142\" data-end=\"225\">Nasi klienci to osoby, kt\u00f3re szukaj\u0105 czego\u015b wi\u0119cej ni\u017c standardowych rozwi\u0105za\u0144.<\/strong><br data-start=\"225\" data-end=\"228\" \/>To mi\u0142o\u015bnicy designu, harmonii i natury \u2013 ci, kt\u00f3rzy wiedz\u0105, \u017ce dobrze dobrana ro\u015blina czy donica potrafi zmieni\u0107 przestrze\u0144 i nastr\u00f3j.<br data-start=\"363\" data-end=\"366\" \/>Wsp\u00f3\u0142pracujemy z klientami indywidualnymi, projektantami wn\u0119trz i w\u0142a\u015bcicielami miejsc, kt\u00f3re chc\u0105 zachwyca\u0107 od pierwszego spojrzenia.<\/p><\/div><\/div>\n        <\/section>\t\t\t\t<\/div>\n\t\t\t\t<\/div>\n\t\t\t\t<\/div>\n\t\t\t\t\t<\/div>\n\t\t\t\t<\/div>\n\t\t<div class=\"aux-parallax-section elementor-element elementor-element-2739ddc e-flex e-con-boxed e-con e-parent\" data-id=\"2739ddc\" data-element_type=\"container\">\n\t\t\t\t\t<div class=\"e-con-inner\">\n\t\t<div class=\"elementor-element elementor-element-ec3c82a e-con-full e-flex e-con e-child\" data-id=\"ec3c82a\" data-element_type=\"container\">\n\t\t\t\t<div class=\"elementor-element elementor-element-f9fb826 aux-appear-watch-animation aux-scale-up elementor-widget elementor-widget-image\" data-id=\"f9fb826\" data-element_type=\"widget\" data-widget_type=\"image.default\">\n\t\t\t\t<div class=\"elementor-widget-container\">\n\t\t\t\t\t\t\t\t\t\t\t\t\t\t\t<img fetchpriority=\"high\" decoding=\"async\" width=\"2048\" height=\"1365\" src=\"https:\/\/studio.aureagarden.pl\/wp-content\/uploads\/2025\/05\/AG_488933018_1228060069138867_3120959537434014080_n.jpg\" class=\"attachment-full size-full wp-image-350\" alt=\"\" srcset=\"https:\/\/studio.aureagarden.pl\/wp-content\/uploads\/2025\/05\/AG_488933018_1228060069138867_3120959537434014080_n.jpg 2048w, https:\/\/studio.aureagarden.pl\/wp-content\/uploads\/2025\/05\/AG_488933018_1228060069138867_3120959537434014080_n-600x400.jpg 600w, https:\/\/studio.aureagarden.pl\/wp-content\/uploads\/2025\/05\/AG_488933018_1228060069138867_3120959537434014080_n-1536x1024.jpg 1536w, https:\/\/studio.aureagarden.pl\/wp-content\/uploads\/2025\/05\/AG_488933018_1228060069138867_3120959537434014080_n-200x133.jpg 200w\" sizes=\"(max-width: 2048px) 100vw, 2048px\" \/>\t\t\t\t\t\t\t\t\t\t\t\t\t\t\t<\/div>\n\t\t\t\t<\/div>\n\t\t\t\t<\/div>\n\t\t\t\t\t<\/div>\n\t\t\t\t<\/div>\n\t\t<div class=\"aux-parallax-section elementor-element elementor-element-0cb63c3 e-flex e-con-boxed e-con e-parent\" data-id=\"0cb63c3\" data-element_type=\"container\">\n\t\t\t\t\t<div class=\"e-con-inner\">\n\t\t<div class=\"elementor-element elementor-element-5e17b15 e-con-full e-flex e-con e-child\" data-id=\"5e17b15\" data-element_type=\"container\">\n\t\t\t\t<div class=\"elementor-element elementor-element-a8fc6a0 aux-appear-watch-animation aux-slide-from-bot elementor-widget elementor-widget-heading\" data-id=\"a8fc6a0\" data-element_type=\"widget\" data-widget_type=\"heading.default\">\n\t\t\t\t<div class=\"elementor-widget-container\">\n\t\t\t\t\t<h2 class=\"elementor-heading-title elementor-size-default\">Powiedzie\u0107, \u017ce projektowanie\nto moja pasja, <\/br> to ma\u0142o\npowiedziane.\n<\/h2>\t\t\t\t<\/div>\n\t\t\t\t<\/div>\n\t\t\t\t<div class=\"elementor-element elementor-element-f77dd94 aux-appear-watch-animation aux-slide-from-top elementor-widget elementor-widget-heading\" data-id=\"f77dd94\" data-element_type=\"widget\" data-widget_type=\"heading.default\">\n\t\t\t\t<div class=\"elementor-widget-container\">\n\t\t\t\t\t<h5 class=\"elementor-heading-title elementor-size-default\">To cos co kocham!<\/h5>\t\t\t\t<\/div>\n\t\t\t\t<\/div>\n\t\t\t\t<\/div>\n\t\t\t\t\t<\/div>\n\t\t\t\t<\/div>\n\t\t<div class=\"aux-parallax-section elementor-element elementor-element-ecea35a e-flex e-con-boxed e-con e-parent\" data-id=\"ecea35a\" data-element_type=\"container\">\n\t\t\t\t\t<div class=\"e-con-inner\">\n\t\t<div class=\"elementor-element elementor-element-9632eb5 staff-hover e-con-full e-flex e-con e-child\" data-id=\"9632eb5\" data-element_type=\"container\" data-settings=\"{&quot;background_background&quot;:&quot;classic&quot;}\">\n\t\t\t\t<div class=\"elementor-element elementor-element-5cf988b aux-appear-watch-animation aux-scale-down-1 elementor-widget elementor-widget-aux_staff\" data-id=\"5cf988b\" data-element_type=\"widget\" data-widget_type=\"aux_staff.default\">\n\t\t\t\t<div class=\"elementor-widget-container\">\n\t\t\t\t\t<section class=\"aux-wrap-style-simple widget-container aux-widget-staff aux-parent-aubb15678f\">    <div class=\"aux-staff-container aux-staff-pos-top aux-staff-text-center aux-staff-text-dark \" >\n            <div class=\"aux-staff-header aux-staff-img-circle\">\n            <div class=\"aux-media-image\"><img decoding=\"async\" width=\"1440\" height=\"1440\" src=\"image\/gif;base64,R0lGODlhAQABAIAAAAAAAP\/\/\/yH5BAEAAAAALAAAAAABAAEAAAIBRAA7\" class=\" aux-preload aux-progress-box\" alt=\"DagmaraBerent-01-01\" data-ratio=\"1\" data-original-w=\"1440\" data-src=\"https:\/\/studio.aureagarden.pl\/wp-content\/uploads\/2025\/05\/DagmaraBerent-01-01.jpeg\" \/><\/div>        <\/div>\n            <div class=\"aux-staff-content\">\n                        <h4 class=\"col-title\">in\u017c. arch.  Dagmara Berent<\/h4>\n                        <div class=\"entry-content\">\n                                Moj\u0105 pasj\u0105 jest pomaganie Wam w tworzeniu nowej przestrzeni, w kt\u00f3rej zdrowie i kondycja s\u0105 cz\u0119\u015bci\u0105 codziennego \u017cycia.\nWi\u0119c je\u015bli jeste\u015b gotowy, aby zacz\u0105\u0107 tworzy\u0107 projekt dla Ciebie, to jeste\u015b we w\u0142a\u015bciwym miejscu!            <\/div>\n                        <div class=\"aux-staff-footer aux-medium aux-horizontal\">\n                    <ul class=\"aux-social-list\">\n\n                                            <li>\n                            <a class=\"facebook\" href=\"#\" target=\"_blank\"><span class=\"auxicon-facebook\"><\/span>\n                            <\/a>\n                        <\/li>\n                                                                <li>\n                            <a class=\"linkedin\" href=\"#\" target=\"_blank\"><span class=\"auxicon-linkedin\"><\/span>\n                            <\/a>\n                        <\/li>\n                                                                <li>\n                            <a class=\"twitter\" href=\"#\" target=\"_blank\"><span class=\"auxicon-twitter\"><\/span>\n                            <\/a>\n                        <\/li>\n                                                                                                                                                                   <li>\n                            <a class=\"instagram\" href=\"#\" target=\"_blank\"><span class=\"auxicon-instagram\"><\/span>\n                            <\/a>\n                        <\/li>\n                                                          <\/ul>\n           <\/div>\n                    <\/div>\n\n    <\/div>\n\n\n<\/section><!-- widget-container -->\t\t\t\t<\/div>\n\t\t\t\t<\/div>\n\t\t\t\t<\/div>\n\t\t\t\t\t<\/div>\n\t\t\t\t<\/div>\n\t\t<div class=\"aux-parallax-section elementor-element elementor-element-9ccc064 e-flex e-con-boxed e-con e-parent\" data-id=\"9ccc064\" data-element_type=\"container\">\n\t\t\t\t\t<div class=\"e-con-inner\">\n\t\t<div class=\"elementor-element elementor-element-0798270 e-con-full e-flex e-con e-child\" data-id=\"0798270\" data-element_type=\"container\">\n\t\t\t\t<div class=\"elementor-element elementor-element-4737aff aux-appear-watch-animation aux-scale-up elementor-widget elementor-widget-image\" data-id=\"4737aff\" data-element_type=\"widget\" data-widget_type=\"image.default\">\n\t\t\t\t<div class=\"elementor-widget-container\">\n\t\t\t\t\t\t\t\t\t\t\t\t\t\t\t<img decoding=\"async\" width=\"2048\" height=\"1330\" src=\"https:\/\/studio.aureagarden.pl\/wp-content\/uploads\/2025\/05\/AG_488772752_1228060202472187_7306401105506041267_n.jpg\" class=\"attachment-full size-full wp-image-351\" alt=\"\" srcset=\"https:\/\/studio.aureagarden.pl\/wp-content\/uploads\/2025\/05\/AG_488772752_1228060202472187_7306401105506041267_n.jpg 2048w, https:\/\/studio.aureagarden.pl\/wp-content\/uploads\/2025\/05\/AG_488772752_1228060202472187_7306401105506041267_n-600x390.jpg 600w, https:\/\/studio.aureagarden.pl\/wp-content\/uploads\/2025\/05\/AG_488772752_1228060202472187_7306401105506041267_n-1536x998.jpg 1536w, https:\/\/studio.aureagarden.pl\/wp-content\/uploads\/2025\/05\/AG_488772752_1228060202472187_7306401105506041267_n-200x130.jpg 200w\" sizes=\"(max-width: 2048px) 100vw, 2048px\" \/>\t\t\t\t\t\t\t\t\t\t\t\t\t\t\t<\/div>\n\t\t\t\t<\/div>\n\t\t\t\t<\/div>\n\t\t\t\t\t<\/div>\n\t\t\t\t<\/div>\n\t\t\t\t<\/div>\n\t\t","protected":false},"excerpt":{"rendered":"<p>Od idei do formy \u2013 wyb\u00f3r, kt\u00f3ry ma znaczenie. Nasze produkty Nasze donice i ro\u015bliny to co\u015b wi\u0119cej ni\u017c dekoracja \u2013 to spos\u00f3b na wyra\u017cenie stylu i stworzenie przestrzeni, w kt\u00f3rej chce si\u0119 by\u0107.Wybieramy egzotyczn\u0105 ziele\u0144 i unikatowe formy, kt\u00f3re nadaj\u0105 wn\u0119trzom i ogrodom charakteru, harmonii i spokoju.To produkty dla tych, kt\u00f3rzy ceni\u0105 estetyk\u0119, natur\u0119 [&hellip;]<\/p>\n","protected":false},"author":1,"featured_media":0,"parent":0,"menu_order":0,"comment_status":"closed","ping_status":"closed","template":"templates\/page-builder-content.php","meta":{"footnotes":""},"class_list":["post-106","page","type-page","status-publish","hentry"],"_links":{"self":[{"href":"https:\/\/studio.aureagarden.pl\/index.php\/wp-json\/wp\/v2\/pages\/106","targetHints":{"allow":["GET"]}}],"collection":[{"href":"https:\/\/studio.aureagarden.pl\/index.php\/wp-json\/wp\/v2\/pages"}],"about":[{"href":"https:\/\/studio.aureagarden.pl\/index.php\/wp-json\/wp\/v2\/types\/page"}],"author":[{"embeddable":true,"href":"https:\/\/studio.aureagarden.pl\/index.php\/wp-json\/wp\/v2\/users\/1"}],"replies":[{"embeddable":true,"href":"https:\/\/studio.aureagarden.pl\/index.php\/wp-json\/wp\/v2\/comments?post=106"}],"version-history":[{"count":13,"href":"https:\/\/studio.aureagarden.pl\/index.php\/wp-json\/wp\/v2\/pages\/106\/revisions"}],"predecessor-version":[{"id":366,"href":"https:\/\/studio.aureagarden.pl\/index.php\/wp-json\/wp\/v2\/pages\/106\/revisions\/366"}],"wp:attachment":[{"href":"https:\/\/studio.aureagarden.pl\/index.php\/wp-json\/wp\/v2\/media?parent=106"}],"curies":[{"name":"wp","href":"https:\/\/api.w.org\/{rel}","templated":true}]}}